{"id":48,"date":"2025-01-10T07:40:12","date_gmt":"2025-01-10T07:40:12","guid":{"rendered":"https:\/\/tuyensinh.hvcsnd.edu.vn\/?page_id=48"},"modified":"2025-01-10T07:40:12","modified_gmt":"2025-01-10T07:40:12","slug":"gioi-thieu","status":"publish","type":"page","link":"https:\/\/tuyensinh.hvcsnd.edu.vn\/?page_id=48","title":{"rendered":"Gi\u1edbi thi\u1ec7u"},"content":{"rendered":"\n<p>Ch\u1eb7ng \u0111\u01b0\u1eddng 55 n\u0103m x\u00e2y d\u1ef1ng v\u00e0 ph\u00e1t tri\u1ec3n c\u1ee7a H\u1ecdc vi\u1ec7n C\u1ea3nh s\u00e1t nh\u00e2n d\u00e2n \u0111\u00e3 kh\u1eb3ng \u0111\u1ecbnh nh\u1eefng \u0111\u00f3ng g\u00f3p to l\u1edbn c\u1ee7a c\u00e1c th\u1ebf h\u1ec7 c\u00e1n b\u1ed9, gi\u00e1o vi\u00ean, c\u00f4ng nh\u00e2n vi\u00ean v\u00e0 h\u1ecdc vi\u00ean c\u00e1c kh\u00f3a h\u1ecdc, h\u1ec7 h\u1ecdc c\u1ee7a H\u1ecdc vi\u1ec7n \u0111\u1ed1i v\u1edbi s\u1ef1 nghi\u1ec7p gi\u00e1o d\u1ee5c \u0111\u00e0o t\u1ea1o c\u1ee7a l\u1ef1c l\u01b0\u1ee3ng C\u00f4ng an nh\u00e2n d\u00e2n.<\/p>\n\n\n\n<p><strong>1. C\u00e1c giai \u0111o\u1ea1n trong ti\u1ebfn tr\u00ecnh ph\u00e1t tri\u1ec3n<\/strong><\/p>\n\n\n\n<p>Ng\u00e0y 15 th\u00e1ng 05 n\u0103m 1968, tr\u01b0\u1eddng C\u1ea3nh s\u00e1t nh\u00e2n d\u00e2n \u0111\u01b0\u1ee3c th\u00e0nh l\u1eadp v\u1edbi ti\u1ec1n th\u00e2n l\u00e0 tr\u01b0\u1eddng C\u00f4ng an Trung \u01b0\u01a1ng.<\/p>\n\n\n\n<p>Giai \u0111o\u1ea1n t\u1eeb 1968 &#8211; 1975: Tr\u01b0\u1eddng C\u1ea3nh s\u00e1t nh\u00e2n d\u00e2n ra \u0111\u1eddi &#8211; \u0111\u00e0o t\u1ea1o h\u1ea1 s\u0129 quan C\u1ea3nh s\u00e1t nh\u00e2n d\u00e2n;<\/p>\n\n\n\n<p>Giai \u0111o\u1ea1n t\u1eeb 1976 \u0111\u1ebfn 1986: Tr\u01b0\u1eddng C\u1ea3nh s\u00e1t nh\u00e2n d\u00e2n \u0111\u01b0\u1ee3c \u0111\u1ed5i t\u00ean th\u00e0nh Tr\u01b0\u1eddng \u0110\u1ea1i h\u1ecdc C\u1ea3nh s\u00e1t nh\u00e2n d\u00e2n, th\u1ef1c hi\u1ec7n nhi\u1ec7m v\u1ee5 \u0111\u00e0o t\u1ea1o s\u0129 quan C\u1ea3nh s\u00e1t nh\u00e2n d\u00e2n b\u1eadc \u0111\u1ea1i h\u1ecdc;<\/p>\n\n\n\n<p>Giai \u0111o\u1ea1n t\u1eeb 1986 \u0111\u1ebfn 1990: Tr\u01b0\u1eddng \u0110\u1ea1i h\u1ecdc C\u1ea3nh s\u00e1t nh\u00e2n d\u00e2n trong s\u1ef1 nghi\u1ec7p \u0111\u1ed5i m\u1edbi \u0111\u1ea5t n\u01b0\u1edbc;<\/p>\n\n\n\n<p>Giai \u0111o\u1ea1n t\u1eeb 1991 \u0111\u1ebfn 2000: Tr\u01b0\u1eddng \u0110\u1ea1i h\u1ecdc C\u1ea3nh s\u00e1t nh\u00e2n d\u00e2n ti\u1ebfp t\u1ee5c \u0111\u1ed5i m\u1edbi v\u00e0 ph\u00e1t tri\u1ec3n to\u00e0n di\u1ec7n. N\u0103m 1992 \u0111\u01b0\u1ee3c giao nhi\u1ec7m v\u1ee5 \u0111\u00e0o t\u1ea1o Cao h\u1ecdc, n\u0103m 1995 \u0111\u01b0\u1ee3c giao nhi\u1ec7m v\u1ee5 \u0111\u00e0o t\u1ea1o Nghi\u00ean c\u1ee9u sinh;<\/p>\n\n\n\n<p>Giai \u0111o\u1ea1n t\u1eeb 2001 \u0111\u1ebfn 2014: H\u1ecdc vi\u1ec7n C\u1ea3nh s\u00e1t nh\u00e2n d\u00e2n trong xu th\u1ebf h\u1ed9i nh\u1eadp v\u00e0 ph\u00e1t tri\u1ec3n to\u00e0n di\u1ec7n;<\/p>\n\n\n\n<p>Giai \u0111o\u1ea1n t\u1eeb 2015 \u0111\u1ebfn nay: H\u1ecdc vi\u1ec7n C\u1ea3nh s\u00e1t nh\u00e2n d\u00e2n \u0111\u01b0\u1ee3c c\u00f4ng nh\u1eadn l\u00e0 c\u01a1 s\u1edf gi\u00e1o d\u1ee5c \u0111\u1ea1i h\u1ecdc tr\u1ecdng \u0111i\u1ec3m c\u1ee7a l\u1ef1c l\u01b0\u1ee3ng CAND, ph\u1ea5n \u0111\u1ea5u \u0111\u1ebfn n\u0103m 2025 tr\u1edf th\u00e0nh tr\u01b0\u1eddng \u0111\u1ea1i h\u1ecdc tr\u1ecdng \u0111i\u1ec3m v\u00e0 \u0111\u1ea1t chu\u1ea9n qu\u1ed1c gia.<\/p>\n\n\n\n<p><strong>2. Nh\u1eefng m\u1ed1c son v\u00e0ng<\/strong><\/p>\n\n\n\n<p><strong>Ng\u00e0y 15\/5\/1968: Tr\u01b0\u1eddng C\u1ea3nh s\u00e1t nh\u00e2n d\u00e2n \u0111\u01b0\u1ee3c th\u00e0nh l\u1eadp<\/strong><\/p>\n\n\n\n<p>B\u1ed9 C\u00f4ng an ra Quy\u1ebft \u0111\u1ecbnh 514-CA\/Q\u0110 \u201cT\u00e1ch ph\u00e2n hi\u1ec7u C\u1ea3nh s\u00e1t nh\u00e2n d\u00e2n ra kh\u1ecfi tr\u01b0\u1eddng C\u00f4ng an Trung \u01b0\u01a1ng, th\u00e0nh l\u1eadp tr\u01b0\u1eddng C\u1ea3nh s\u00e1t nh\u00e2n d\u00e2n\u201d.<\/p>\n\n\n\n<p>Quy\u1ebft \u0111\u1ecbnh \u0111\u01b0\u1ee3c c\u00f4ng b\u1ed1 t\u1ea1i th\u00f4n Phong V\u00e2n, Ba V\u00ec, H\u00e0 T\u00e2y. V\u1edbi 153 c\u00e1n b\u1ed9 gi\u00e1o vi\u00ean, c\u00f4ng nh\u00e2n vi\u00ean v\u00e0 1.789 h\u1ecdc vi\u00ean c\u1ee7a 20 l\u1edbp h\u1ecdc (trong \u0111\u00f3 c\u00f3 6 l\u1edbp s\u01a1 h\u1ecdc) \u0111\u00e3 long tr\u1ecdng l\u00e0m l\u1ec5 th\u00e0nh l\u1eadp tr\u01b0\u1eddng C\u1ea3nh s\u00e1t nh\u00e2n d\u00e2n, l\u1ea5y m\u1eadt hi\u1ec7u l\u00e0 T18.<\/p>\n\n\n\n<p>Ng\u00e0y 15\/5\/1968 l\u00e0 ng\u00e0y ra \u0111\u1eddi c\u1ee7a tr\u01b0\u1eddng C\u1ea3nh s\u00e1t nh\u00e2n d\u00e2n, c\u0169ng l\u00e0 ng\u00e0y truy\u1ec1n th\u1ed1ng c\u1ee7a H\u1ecdc vi\u1ec7n C\u1ea3nh s\u00e1t nh\u00e2n d\u00e2n ng\u00e0y nay.<\/p>\n\n\n\n<p><strong>Ng\u00e0y 27\/11\/1976: C\u00f4ng nh\u1eadn thu\u1ed9c h\u1ec7 \u0111\u1ea1i h\u1ecdc<\/strong><\/p>\n\n\n\n<p>H\u1ed9i \u0111\u1ed3ng Ch\u00ednh ph\u1ee7 ra Quy\u1ebft \u0111\u1ecbnh s\u1ed1 231\/CP \u201cC\u00f4ng nh\u1eadn Tr\u01b0\u1eddng s\u0129 quan C\u1ea3nh s\u00e1t nh\u00e2n d\u00e2n c\u1ee7a B\u1ed9 N\u1ed9i v\u1ee5 thu\u1ed9c h\u1ec7 th\u1ed1ng gi\u00e1o d\u1ee5c \u0110\u1ea1i h\u1ecdc qu\u1ed1c gia\u201d. Kh\u00f3a D1 l\u00e0 kh\u00f3a h\u1ecdc \u0111\u1ea7u ti\u00ean \u0111\u01b0\u1ee3c chi\u00eau sinh theo quy ch\u1ebf tuy\u1ec3n sinh \u0111\u1ea1i h\u1ecdc c\u1ee7a nh\u00e0 n\u01b0\u1edbc v\u1edbi t\u1ed5ng s\u1ed1 264 h\u1ecdc vi\u00ean. Vi\u1ec7c chi\u00eau sinh v\u00e0 \u0111\u00e0o t\u1ea1o s\u0129 quan C\u1ea3nh s\u00e1t nh\u00e2n d\u00e2n kh\u00f3a D1 \u0111\u00e3 \u0111\u01b0a tr\u01b0\u1eddng C\u1ea3nh s\u00e1t nh\u00e2n d\u00e2n ph\u00e1t tri\u1ec3n sang m\u1ed9t giai \u0111o\u1ea1n \u0111\u00e0o t\u1ea1o m\u1edbi, v\u1eeba \u0111\u00e0o t\u1ea1o b\u1eadc trung h\u1ecdc, v\u1eeba \u0111\u00e0o t\u1ea1o b\u1eadc \u0111\u1ea1i h\u1ecdc. \u0110\u00e2y l\u00e0 giai \u0111o\u1ea1n c\u00f3 t\u00ednh ch\u1ea5t b\u1ea3n l\u1ec1, chuy\u1ec3n n\u1ed1i \u0111\u1ec3 tr\u01b0\u1eddng C\u1ea3nh s\u00e1t nh\u00e2n d\u00e2n ph\u00e1t tri\u1ec3n th\u00e0nh tr\u01b0\u1eddng S\u1ef9 quan C\u1ea3nh s\u00e1t nh\u00e2n d\u00e2n thu\u1ed9c h\u1ec7 th\u1ed1ng \u0111\u00e0o t\u1ea1o \u0111\u1ea1i h\u1ecdc qu\u1ed1c gia.<\/p>\n\n\n\n<p><strong>Ng\u00e0y 15\/5\/1992: \u0110\u00e0o t\u1ea1o b\u1eadc sau \u0111\u1ea1i h\u1ecdc<\/strong><\/p>\n\n\n\n<p>Ng\u00e0y 15\/5\/1992, B\u1ed9 tr\u01b0\u1edfng B\u1ed9 Gi\u00e1o d\u1ee5c v\u00e0 \u0110\u00e0o t\u1ea1o ra Quy\u1ebft \u0111\u1ecbnh s\u1ed1 998\/Q\u0110\/S\u0110H, giao nhi\u1ec7m v\u1ee5 cho tr\u01b0\u1eddng \u0110\u1ea1i h\u1ecdc C\u1ea3nh s\u00e1t nh\u00e2n d\u00e2n \u0111\u00e0o t\u1ea1o h\u1ec7 Cao h\u1ecdc (chuy\u00ean ng\u00e0nh \u0110i\u1ec1u tra t\u1ed9i ph\u1ea1m).<\/p>\n\n\n\n<p>Ng\u00e0y 24\/05\/1995: Th\u1ee7 t\u01b0\u1edbng Ch\u00ednh ph\u1ee7 ra Quy\u1ebft \u0111\u1ecbnh s\u1ed1 315\/TTg giao nhi\u1ec7m v\u1ee5 \u0111\u00e0o t\u1ea1o tr\u00ean \u0111\u1ea1i h\u1ecdc cho tr\u01b0\u1eddng \u0110\u1ea1i h\u1ecdc CSND.<\/p>\n\n\n\n<p>C\u00f3 th\u1ec3 kh\u1eb3ng \u0111\u1ecbnh, \u0111\u00e2y l\u00e0 m\u1ed1c son quan tr\u1ecdng \u0111\u00e1nh d\u1ea5u s\u1ef1 tr\u01b0\u1edfng th\u00e0nh v\u1ec1 ch\u1ea5t v\u00e0 t\u1ea7m v\u00f3c c\u1ee7a H\u1ecdc vi\u1ec7n. H\u1ecdc vi\u1ec7n C\u1ea3nh s\u00e1t nh\u00e2n d\u00e2n l\u00e0 c\u01a1 s\u1edf \u0111\u1ea7u ti\u00ean c\u1ee7a B\u1ed9 C\u00f4ng an \u0111\u01b0\u1ee3c Nh\u00e0 n\u01b0\u1edbc giao nhi\u1ec7m v\u1ee5 \u0111\u00e0o t\u1ea1o sau \u0111\u1ea1i h\u1ecdc.<\/p>\n\n\n\n<p>\u0110\u00e0o t\u1ea1o sau \u0111\u1ea1i h\u1ecdc \u1edf H\u1ecdc vi\u1ec7n C\u1ea3nh s\u00e1t nh\u00e2n d\u00e2n nh\u1eb1m h\u01b0\u1edbng t\u1edbi m\u1ee5c ti\u00eau x\u00e2y d\u1ef1ng \u0111\u1ed9i ng\u0169 nh\u1eefng ng\u01b0\u1eddi l\u00e0m khoa h\u1ecdc c\u00f3 ph\u1ea9m ch\u1ea5t ch\u00ednh tr\u1ecb, \u0111\u1ea1o \u0111\u1ee9c, c\u00f3 \u00fd th\u1ee9c ph\u1ee5c v\u1ee5 nh\u00e2n d\u00e2n, c\u00f3 tr\u00ecnh \u0111\u1ed9 cao \u0111\u00e1p \u1ee9ng nhu c\u1ea7u ph\u00e1t tri\u1ec3n kinh t\u1ebf &#8211; x\u00e3 h\u1ed9i, khoa h\u1ecdc &#8211; c\u00f4ng ngh\u1ec7 c\u1ee7a \u0111\u1ea5t n\u01b0\u1edbc.<\/p>\n\n\n\n<p><strong>Ng\u00e0y 15\/11\/2001: N\u00e2ng c\u1ea5p t\u1eeb tr\u01b0\u1eddng \u0110\u1ea1i h\u1ecdc C\u1ea3nh s\u00e1t nh\u00e2n d\u00e2n l\u00ean H\u1ecdc vi\u1ec7n C\u1ea3nh s\u00e1t nh\u00e2n d\u00e2n.<\/strong><\/p>\n\n\n\n<p>Ng\u00e0y 15\/11\/2001 tr\u01b0\u1eddng \u0110\u1ea1i h\u1ecdc C\u1ea3nh s\u00e1t nh\u00e2n d\u00e2n long tr\u1ecdng t\u1ed5 ch\u1ee9c l\u1ec5 Quy\u1ebft \u0111\u1ecbnh s\u1ed1 969\/2001\/BCA(X13) ng\u00e0y 02\/10\/2001 c\u1ee7a B\u1ed9 tr\u01b0\u1edfng B\u1ed9 C\u00f4ng an chuy\u1ec3n Tr\u01b0\u1eddng \u0110\u1ea1i h\u1ecdc C\u1ea3nh s\u00e1t nh\u00e2n d\u00e2n th\u00e0nh H\u1ecdc vi\u1ec7n C\u1ea3nh s\u00e1t nh\u00e2n d\u00e2n. S\u1ef1 ki\u1ec7n n\u00e0y th\u1ec3 hi\u1ec7n s\u1ef1 quan t\u00e2m c\u1ee7a \u0110\u1ea3ng, Nh\u00e0 n\u01b0\u1edbc v\u00e0 B\u1ed9 C\u00f4ng an \u0111\u1ebfn c\u00f4ng t\u00e1c gi\u00e1o d\u1ee5c \u0111\u00e0o t\u1ea1 c\u1ee7a l\u1ef1c l\u01b0\u1ee3ng C\u00f4ng an n\u00f3i chung v\u00e0 tr\u01b0\u1eddng \u0110\u1ea1i h\u1ecdc C\u1ea3nh s\u00e1t nh\u00e2n d\u00e2n n\u00f3i ri\u00eang. \u0110\u00e2y l\u00e0 ni\u1ec1m t\u1ef1 h\u00e0o, l\u00e0 m\u1ed9t vinh d\u1ef1 l\u1edbn \u0111\u1ed1i v\u1edbi nh\u00e0 tr\u01b0\u1eddng song c\u0169ng \u0111\u1eb7t ra cho H\u1ecdc vi\u1ec7n nh\u1eefng nhi\u1ec7m v\u1ee5 n\u1eb7ng n\u1ec1 h\u01a1n, y\u00eau c\u1ea7u cao h\u01a1n v\u1ec1 c\u00f4ng t\u00e1c \u0111\u00e0o t\u1ea1o, x\u1ee9ng \u0111\u00e1ng l\u00e0 m\u1ed9t Trung t\u00e2m \u0111\u00e0o t\u1ea1o ch\u1ea5t l\u01b0\u1ee3ng cao c\u1ee7a l\u1ef1c l\u01b0\u1ee3ng CSND.<\/p>\n\n\n\n<p><strong>Ng\u00e0y 12\/08\/2015: \u0110\u00f3n nh\u1eadn Quy\u1ebft \u0111\u1ecbnh c\u00f4ng nh\u1eadn H\u1ecdc vi\u1ec7n CSND l\u00e0 c\u01a1 s\u1edf gi\u00e1o d\u1ee5c \u0111\u1ea1i h\u1ecdc tr\u1ecdng \u0111i\u1ec3m c\u1ee7a ng\u00e0nh C\u00f4ng an<\/strong><\/p>\n\n\n\n<p>Ng\u00e0y 12\/08\/2015, \u0110\u1ea1i t\u01b0\u1edbng, GS.TS Tr\u1ea7n \u0110\u1ea1i Quang &#8211; B\u1ed9 tr\u01b0\u1edfng B\u1ed9 C\u00f4ng an trao Quy\u1ebft \u0111\u1ecbnh s\u1ed1 3999\/Q\u0110-BCA-X11 ng\u00e0y 26\/6\/2015 v\u1ec1 vi\u1ec7c c\u00f4ng nh\u1eadn H\u1ecdc vi\u1ec7n C\u1ea3nh s\u00e1t nh\u00e2n d\u00e2n l\u00e0 c\u01a1 s\u1edf gi\u00e1o d\u1ee5c \u0111\u1ea1i h\u1ecdc tr\u1ecdng \u0111i\u1ec3m c\u1ee7a l\u1ef1c l\u01b0\u1ee3ng C\u00f4ng an nh\u00e2n d\u00e2n. \u0110\u00e2y l\u00e0 s\u1ef1 ki\u1ec7n \u0111\u00e1nh d\u1ea5u b\u01b0\u1edbc ph\u00e1t tri\u1ec3n v\u01b0\u1ee3t b\u1eadc c\u1ea3 v\u1ec1 s\u1ed1 l\u01b0\u1ee3ng v\u00e0 ch\u1ea5t l\u01b0\u1ee3ng c\u1ee7a H\u1ecdc vi\u1ec7n CSND v\u1ec1 m\u1ecdi m\u1eb7t, qua \u0111\u00f3, H\u1ecdc vi\u1ec7n CSND l\u00ean k\u1ebf ho\u1ea1ch v\u00e0 l\u1ed9 tr\u00ecnh ph\u00f9 h\u1ee3p, ph\u1ea5n \u0111\u1ea5u \u0111\u1ec3 tr\u1edf th\u00e0nh c\u01a1 s\u1edf gi\u00e1o d\u1ee5c tr\u1ecdng \u0111i\u1ec3m c\u1ee7a qu\u1ed1c gia v\u00e0o n\u0103m 2018, c\u00f9ng v\u1edbi c\u00e1c tr\u01b0\u1eddng C\u00f4ng an nh\u00e2n d\u00e2n n\u00e2ng cao ch\u1ea5t l\u01b0\u1ee3ng c\u00f4ng t\u00e1c \u0111\u00e0o t\u1ea1o, ph\u00e1t tri\u1ec3n ngu\u1ed3n nh\u00e2n l\u1ef1c, nh\u1ea5t l\u00e0 ngu\u1ed3n nh\u00e2n l\u1ef1c ch\u1ea5t l\u01b0\u1ee3ng cao, c\u00f3 tr\u00ecnh \u0111\u1ed9 ngang t\u1ea7m v\u1edbi c\u00e1c n\u01b0\u1edbc ti\u00ean ti\u1ebfn trong khu v\u1ef1c v\u00e0 th\u1ebf gi\u1edbi.<\/p>\n\n\n\n<p><strong>Ng\u00e0y 15\/05\/2018: K\u1ef7 ni\u1ec7m 50 n\u0103m ng\u00e0y th\u00e0nh l\u1eadp H\u1ecdc vi\u1ec7n CSND v\u00e0 \u0111\u00f3n nh\u1eadn danh hi\u1ec7u Anh h\u00f9ng l\u1ef1c l\u01b0\u1ee3ng v\u0169 trang nh\u00e2n d\u00e2n l\u1ea7n th\u1ee9 2<\/strong><\/p>\n\n\n\n<p>Ng\u00e0y 14\/05\/2018, nh\u00e2n d\u1ecbp L\u1ec5 k\u1ef7 ni\u1ec7m 50 n\u0103m ng\u00e0y th\u00e0nh l\u1eadp H\u1ecdc vi\u1ec7n, H\u1ecdc vi\u1ec7n \u0111\u00e3 vinh d\u1ef1 \u0111\u01b0\u1ee3c \u0111\u1ed3ng ch\u00ed Th\u1ee7 t\u01b0\u1edbng Nguy\u1ec5n Xu\u00e2n Ph\u00fac thay m\u1eb7t l\u00e3nh \u0111\u1ea1o \u0110\u1ea3ng, Nh\u00e0 n\u01b0\u1edbc trao t\u1eb7ng danh hi\u1ec7u Anh h\u00f9ng L\u1ef1c l\u01b0\u1ee3ng v\u0169 trang nh\u00e2n d\u00e2n th\u1eddi k\u1ef3 kh\u00e1ng chi\u1ebfn ch\u1ed1ng M\u1ef9 c\u1ee9u n\u01b0\u1edbc nh\u1eb1m ghi nh\u1eadn nh\u1eefng th\u00e0nh t\u00edch ti\u00eau bi\u1ec3u, \u0111\u1eb7c bi\u1ec7t xu\u1ea5t s\u1eafc, nh\u1eefng c\u1ed1ng hi\u1ebfn to l\u1edbn cho s\u1ef1 nghi\u1ec7p b\u1ea3o v\u1ec7 an ninh, tr\u1eadt t\u1ef1 v\u00e0 x\u00e2y d\u1ef1ng l\u1ef1c l\u01b0\u1ee3ng CAND kh\u00f4ng ng\u1eebng l\u1edbn m\u1ea1nh, tr\u01b0\u1edfng th\u00e0nh; g\u00f3p ph\u1ea7n b\u1ea3o v\u1ec7 v\u1eefng ch\u1eafc \u0111\u1ed9c l\u1eadp, ch\u1ee7 quy\u1ec1n c\u1ee7a d\u00e2n t\u1ed9c, v\u00ec cu\u1ed9c s\u1ed1ng b\u00ecnh y\u00ean v\u00e0 h\u1ea1nh ph\u00fac c\u1ee7a nh\u00e2n d\u00e2n.<\/p>\n\n\n\n<p><strong>3. Nh\u1eefng danh hi\u1ec7u, ph\u1ea7n th\u01b0\u1edfng cao qu\u00fd<\/strong><\/p>\n\n\n\n<p>V\u1edbi b\u1ec1 d\u00e0y th\u00e0nh t\u00edch \u0111\u00f3ng g\u00f3p cho s\u1ef1 nghi\u1ec7p gi\u00e1o d\u1ee5c, \u0111\u00e0o t\u1ea1o v\u00e0 x\u00e2y d\u1ef1ng l\u1ef1c l\u01b0\u1ee3ng C\u00f4ng an nh\u00e2n d\u00e2n, H\u1ecdc vi\u1ec7n C\u1ea3nh s\u00e1t nh\u00e2n d\u00e2n \u0111\u00e3 \u0111\u01b0\u1ee3c \u0110\u1ea3ng, Nh\u00e0 n\u01b0\u1edbc t\u1eb7ng th\u01b0\u1edfng nhi\u1ec1u danh hi\u1ec7u, ph\u1ea7n th\u01b0\u1edfng cao qu\u00fd:<\/p>\n\n\n\n<p>&#8211; N\u0103m 1985, Hu\u00e2n ch\u01b0\u01a1ng Qu\u00e2n c\u00f4ng h\u1ea1ng Nh\u00ec;<\/p>\n\n\n\n<p>&#8211; N\u0103m 1996, Hu\u00e2n ch\u01b0\u01a1ng Qu\u00e2n c\u00f4ng h\u1ea1ng Nh\u00ec;<\/p>\n\n\n\n<p>&#8211; N\u0103m 1998, Hu\u00e2n ch\u01b0\u01a1ng \u0110\u1ed9c l\u1eadp h\u1ea1ng Nh\u1ea5t;<\/p>\n\n\n\n<p>&#8211; N\u0103m 2003, Hu\u00e2n ch\u01b0\u01a1ng H\u1ed3 Ch\u00ed Minh;<\/p>\n\n\n\n<p>&#8211; N\u0103m 2008, Hu\u00e2n ch\u01b0\u01a1ng Qu\u00e2n c\u00f4ng h\u1ea1ng Nh\u1ea5t;<\/p>\n\n\n\n<p>&#8211; N\u0103m 2012, Anh h\u00f9ng l\u1ef1c l\u01b0\u1ee3ng v\u0169 trang nh\u00e2n d\u00e2n, Hu\u00e2n ch\u01b0\u01a1ng Lao \u0111\u1ed9ng h\u1ea1ng Nh\u1ea5t (n\u01b0\u1edbc CHDCND L\u00e0o t\u1eb7ng);<\/p>\n\n\n\n<p>&#8211; N\u0103m 2013, Hu\u00e2n ch\u01b0\u01a1ng B\u1ea3o v\u1ec7 T\u1ed5 qu\u1ed1c h\u1ea1ng Nh\u1ea5t;<\/p>\n\n\n\n<p>&#8211; N\u0103m 2018, Anh h\u00f9ng l\u1ef1c l\u01b0\u1ee3ng v\u0169 trang nh\u00e2n d\u00e2n l\u1ea7n th\u1ee9 02;<\/p>\n\n\n\n<p>&#8211; N\u0103m 2020, Hu\u00e2n ch\u01b0\u01a1ng B\u1ea3o v\u1ec7 T\u1ed5 qu\u1ed1c h\u1ea1ng Nh\u1ea5t;<\/p>\n\n\n\n<p>&#8211; N\u0103m 2021, Hu\u00e2n ch\u01b0\u01a1ng Chi\u1ebfn c\u00f4ng h\u1ea1ng Ba;<\/p>\n\n\n\n<p>&#8211; T\u1eeb n\u0103m h\u1ecdc 2018 &#8211; 2019 \u0111\u1ebfn n\u0103m h\u1ecdc 2021 &#8211; 2022, 04 n\u0103m li\u00ean ti\u1ebfp l\u00e0 \u0111\u01a1n v\u1ecb d\u1eabn \u0111\u1ea7u trong phong tr\u00e0o thi \u0111ua C\u1ee5m thi \u0111ua s\u1ed1 1 c\u00e1c h\u1ecdc vi\u1ec7n, tr\u01b0\u1eddng CAND v\u00e0 \u0111\u01b0\u1ee3c t\u1eb7ng C\u1edd thi \u0111ua c\u1ee7a Ch\u00ednh ph\u1ee7;<\/p>\n\n\n\n<p>&#8211; H\u00e0ng ch\u1ee5c l\u01b0\u1ee3t t\u1eadp th\u1ec3 \u0111\u01b0\u1ee3c t\u1eb7ng th\u01b0\u1edfng Hu\u00e2n ch\u01b0\u01a1ng Chi\u1ebfn c\u00f4ng h\u1ea1ng Nh\u1ea5t, Nh\u00ec, Ba; Hu\u00e2n ch\u01b0\u01a1ng B\u1ea3o v\u1ec7 T\u1ed5 qu\u1ed1c h\u1ea1ng Ba.<\/p>\n\n\n\n<p>H\u00e0ng ngh\u00ecn l\u01b0\u1ee3t c\u00e1n b\u1ed9, h\u1ecdc vi\u00ean \u0111\u01b0\u1ee3c t\u1eb7ng th\u01b0\u1edfng Hu\u00e2n ch\u01b0\u01a1ng, huy ch\u01b0\u01a1ng: kh\u00e1ng chi\u1ebfn, chi\u1ebfn c\u00f4ng, b\u1ea3o v\u1ec7 ANTQ, Chi\u1ebfn s\u0129 v\u1ebb vang c\u00e1c h\u1ea1ng, Hu\u00e2n ch\u01b0\u01a1ng H\u1eefu ngh\u1ecb&#8230; c\u00e1c k\u1ef7 ni\u1ec7m ch\u01b0\u01a1ng: V\u00ec s\u1ef1 nghi\u1ec7p gi\u00e1o d\u1ee5c, V\u00ec th\u1ebf h\u1ec7 tr\u1ebb, V\u00ec s\u1ef1 ph\u00e1t tri\u1ec3n c\u1ee7a Ph\u1ee5 n\u1eef Vi\u1ec7t Nam, V\u00ec s\u1ef1 nghi\u1ec7p x\u00e2y d\u1ef1ng t\u1ed5 ch\u1ee9c C\u00f4ng \u0111o\u00e0n, V\u00ec s\u1ef1 nghi\u1ec7p x\u00e2y d\u1ef1ng \u0110\u1ea3ng, V\u00ec ch\u1ee7 quy\u1ec1n an ninh bi\u00ean gi\u1edbi, V\u00ec ch\u1ee7 quy\u1ec1n bi\u1ec3n \u0111\u1ea3o T\u1ed5 qu\u1ed1c&#8230; Huy hi\u1ec7u 30 n\u0103m tu\u1ed5i \u0110\u1ea3ng, Huy hi\u1ec7u Chi\u1ebfn s\u0129 Tr\u01b0\u1eddng Sa.<\/p>\n\n\n\n<p>H\u01a1n 20 \u0111\u1ed3ng ch\u00ed nguy\u00ean l\u00e0 h\u1ecdc vi\u00ean c\u1ee7a H\u1ecdc vi\u1ec7n \u0111\u01b0\u1ee3c nh\u00e0 n\u01b0\u1edbc phong t\u1eb7ng Anh h\u00f9ng l\u1ef1c l\u01b0\u1ee3ng v\u0169 trang. 26 \u0111\u1ed3ng ch\u00ed vinh d\u1ef1 \u0111\u01b0\u1ee3c phong t\u1eb7ng danh hi\u1ec7u Nh\u00e0 gi\u00e1o nh\u00e2n d\u00e2n, Nh\u00e0 gi\u00e1o \u01b0u t\u00fa qua c\u00e1c th\u1eddi k\u1ef3.\/.<\/p>\n","protected":false},"excerpt":{"rendered":"<p>Ch\u1eb7ng \u0111\u01b0\u1eddng 55 n\u0103m x\u00e2y d\u1ef1ng v\u00e0 ph\u00e1t tri\u1ec3n c\u1ee7a H\u1ecdc vi\u1ec7n C\u1ea3nh s\u00e1t nh\u00e2n d\u00e2n \u0111\u00e3 kh\u1eb3ng \u0111\u1ecbnh nh\u1eefng \u0111\u00f3ng g\u00f3p to l\u1edbn c\u1ee7a c\u00e1c th\u1ebf h\u1ec7 c\u00e1n b\u1ed9,&#8230;<\/p>\n","protected":false},"author":1,"featured_media":0,"parent":0,"menu_order":0,"comment_status":"closed","ping_status":"closed","template":"","meta":{"footnotes":""},"class_list":["post-48","page","type-page","status-publish","hentry"],"_links":{"self":[{"href":"https:\/\/tuyensinh.hvcsnd.edu.vn\/index.php?rest_route=\/wp\/v2\/pages\/48","targetHints":{"allow":["GET"]}}],"collection":[{"href":"https:\/\/tuyensinh.hvcsnd.edu.vn\/index.php?rest_route=\/wp\/v2\/pages"}],"about":[{"href":"https:\/\/tuyensinh.hvcsnd.edu.vn\/index.php?rest_route=\/wp\/v2\/types\/page"}],"author":[{"embeddable":true,"href":"https:\/\/tuyensinh.hvcsnd.edu.vn\/index.php?rest_route=\/wp\/v2\/users\/1"}],"replies":[{"embeddable":true,"href":"https:\/\/tuyensinh.hvcsnd.edu.vn\/index.php?rest_route=%2Fwp%2Fv2%2Fcomments&post=48"}],"version-history":[{"count":1,"href":"https:\/\/tuyensinh.hvcsnd.edu.vn\/index.php?rest_route=\/wp\/v2\/pages\/48\/revisions"}],"predecessor-version":[{"id":50,"href":"https:\/\/tuyensinh.hvcsnd.edu.vn\/index.php?rest_route=\/wp\/v2\/pages\/48\/revisions\/50"}],"wp:attachment":[{"href":"https:\/\/tuyensinh.hvcsnd.edu.vn\/index.php?rest_route=%2Fwp%2Fv2%2Fmedia&parent=48"}],"curies":[{"name":"wp","href":"https:\/\/api.w.org\/{rel}","templated":true}]}}